{"id":1514,"date":"2023-12-13T10:27:12","date_gmt":"2023-12-13T09:27:12","guid":{"rendered":"https:\/\/nrhaspain.com\/?page_id=1514"},"modified":"2024-01-14T13:49:26","modified_gmt":"2024-01-14T12:49:26","slug":"que-es-el-reining","status":"publish","type":"page","link":"https:\/\/nrhaspain.com\/en\/reining\/que-es-el-reining\/","title":{"rendered":"\u00bfQu\u00e9 es el reining?"},"content":{"rendered":"<div data-elementor-type=\"wp-page\" data-elementor-id=\"1514\" class=\"elementor elementor-1514\" data-elementor-settings=\"{&quot;ha_cmc_init_switcher&quot;:&quot;no&quot;}\" data-elementor-post-type=\"page\">\n\t\t\t\t<div class=\"elementor-element elementor-element-ace4cc5 e-con-full fc-container-padding e-flex e-con e-parent\" data-id=\"ace4cc5\" data-element_type=\"container\" data-e-type=\"container\" data-settings=\"{&quot;background_background&quot;:&quot;classic&quot;}\">\n\t\t<div class=\"elementor-element elementor-element-721375a e-flex e-con-boxed elementor-invisible e-con e-child\" data-id=\"721375a\" data-element_type=\"container\" data-e-type=\"container\" data-settings=\"{&quot;animation&quot;:&quot;fadeIn&quot;,&quot;animation_delay&quot;:800}\">\n\t\t\t\t\t<div class=\"e-con-inner\">\n\t\t\t\t<div class=\"elementor-element elementor-element-0c5d75a elementor-widget elementor-widget-heading\" data-id=\"0c5d75a\" data-element_type=\"widget\" data-e-type=\"widget\" data-widget_type=\"heading.default\">\n\t\t\t\t<div class=\"elementor-widget-container\">\n\t\t\t\t\t<h1 class=\"elementor-heading-title elementor-size-default\">\u00bfQu\u00e9 es el Reining?<\/h1>\t\t\t\t<\/div>\n\t\t\t\t<\/div>\n\t\t\t\t\t<\/div>\n\t\t\t\t<\/div>\n\t\t\t\t<\/div>\n\t\t<div class=\"elementor-element elementor-element-aa0fd9f e-con-full fc-container-padding e-flex e-con e-parent\" data-id=\"aa0fd9f\" data-element_type=\"container\" data-e-type=\"container\">\n\t\t<div class=\"elementor-element elementor-element-1c8a89d e-flex e-con-boxed e-con e-child\" data-id=\"1c8a89d\" data-element_type=\"container\" data-e-type=\"container\">\n\t\t\t\t\t<div class=\"e-con-inner\">\n\t\t\t\t<div class=\"elementor-element elementor-element-aefaec3 elementor-widget elementor-widget-text-editor\" data-id=\"aefaec3\" data-element_type=\"widget\" data-e-type=\"widget\" data-widget_type=\"text-editor.default\">\n\t\t\t\t<div class=\"elementor-widget-container\">\n\t\t\t\t\t\t\t\t\t<p>El reining es una modalidad de monta western en la que no se interacciona con vacas, aunque tiene su origen en el trabajo de campo con ganado. En los tiempos del salvaje Oeste, con el caballo se guiaba una manada de vacas y, peri\u00f3dicamente, se separaba alguna para vacunarla, marcarla o realizar alguna otra actividad de cuidado o identificaci\u00f3n del animal.<\/p>\n<p>Las vacas tienen una fuerte querencia y tienden a volver a la manada lo antes posible, haciendo gala de una agilidad y una velocidad asombrosas, por lo que los cow-boys requer\u00edan caballos r\u00e1pidos, muy fuertes, obedientes y fiables que, adem\u00e1s, pudiesen acelerar y parar con inmediatez, sin perder la serenidad.<\/p>\n<p>Como las jornadas en el campo eran muy largas, hab\u00eda que minimizar el desgaste de las monturas y jinetes y caballos deb\u00edan compenetrarse al m\u00e1ximo y entenderse con se\u00f1ales lo m\u00e1s sutiles posible. Actualmente, en la competici\u00f3n de reining se punt\u00faan la precisi\u00f3n en los recorridos, la suavidad en las \u00f3rdenes que se dan al caballo, la sutileza de los movimientos del jinete, su liderazgo sobre el caballo que gu\u00edan y la velocidad con que ambos evolucionan por la pista al realizar las diferentes maniobras a las que a continuaci\u00f3n nos referiremos.<\/p>\n<p>En muchos de estos movimientos, el jinete se comunica con su caballo apoyando una u otra rienda en el cuello de este y con ese sutil contacto, el caballo ya entiende hacia d\u00f3nde debe dirigirse. Precisamente, el uso de las riendas (reins) con este prop\u00f3sito de guiar al caballo, sin tirar de su boca y preservando su facilidad para moverse relajadamente, sin constre\u00f1ir el movimiento de su cabeza, es lo que da nombre a la disciplina (reining).<\/p>\n<p>Las maniobras que se hacen en las pistas de concurso de reining equivalen a las figuras de la doma cl\u00e1sica, si bien, en el reining no hay tramos en los que el caballo se desplace al trote, sino que los recorridos (patterns) intercalan galope, paradas y piruetas o giros, pero, sobre todo, galopes en c\u00edrculos o rectas, a distintas velocidades.<\/p>\n<p>Lo que se pretende en los concursos es demostrar tanto la capacidad atl\u00e9tica del caballo y su voluntad de ejecutar concentradamente esos recorridos y maniobras, como la destreza del jinete para conseguir que el binomio lo haga con precisi\u00f3n. El jinete no debe tan s\u00f3lo guiar a su caballo, sino controlar todos sus movimientos con ayudas lo menos aparentes posible, sin que el caballo muestre ninguna resistencia o sufra tensi\u00f3n.<\/p>\n<p>Los c\u00edrculos (circles) se deben realizar con diferentes di\u00e1metros, debe pasarse por el exacto centro de la pista y deben ser perfectamente redondos, como trazados con un comp\u00e1s. En alg\u00fan momento, al pasar por el centro de la pista debe hacerse un cambio de direcci\u00f3n (o de mano), de izquierda a derecha y de derecha a izquierda, manteniendo el ritmo y la velocidad (flying lead change). Adem\u00e1s, los c\u00edrculos trazados a mano derecha y los trazados a mano izquierda deber\u00e1n de ser sim\u00e9tricos.<\/p>\n<p>Tal vez, las maniobras m\u00e1s llamativas son las paradas deslizantes (sliding stops) y los giros (spins). En las rectas, el jinete debe solicitar al caballo que acelere progresivamente hasta parar deslizando las extremidades posteriores, que arremete bajo su cuerpo, mientras que las extremidades anteriores avanzan al paso, hasta que el caballo se detiene completamente. Salvo en la parada final, que suele finalizarse con pasos hacia atr\u00e1s (backup), en las otras paradas, el jinete solicita que el caballo gire 180 grados sobre sus extremidades posteriores y vuelva a partir al galope, con impulsi\u00f3n y cadencia (rollback). En los spins, el caballo gira (primero a la derecha y luego a la izquierda o viceversa) sobre uno de los posteriores. Normalmente, los giros son cuatro y se punt\u00faan, entre otras cosas, la fijeza del posterior correspondiente, la cadencia del movimiento y la precisi\u00f3n en la parada.<\/p>\n<p>Entre algunas de estas maniobras se le pide al caballo una pausa (hesitation), durante la cual debe mostrarse relajado, sin excitaci\u00f3n o impaciencia. Con ello se quiere comprobar que el caballo puede pasar, de forma serena, de 0 a 100 y de 100 a 0.<\/p>\n<p>En definitiva, en los concursos, los binomios deben realizar un recorrido prestablecido (pattern) a lo largo de un cuadrilongo (25-40 x 50-70), en el que se combinan todas las maniobras mencionadas, llevando las riendas con una sola mano (salvo en las pruebas que participan caballos o jinetes noveles).<\/p>\n<p>Los jueces siguen criterios pautados para puntuar cada maniobra, sin perjuicio de que puede haber discrepancias entre ellos; y todos los concursantes parten de 70 puntos, pudiendo mejorar o empeorar esa puntuaci\u00f3n inicial, a raz\u00f3n de m\u00e1s o menos una, dos o tres fracciones de \u00bd punto por maniobra, en funci\u00f3n de c\u00f3mo se les vaya evaluando.<\/p><p>La vestimenta de concurso debe de ser t\u00edpicamente <em>western<\/em>, incluyendo botas apropiadas, camisa de manga larga con cuello y sombrero de cowboy (o alternativamente, casco, que es obligatorio hasta que el jinete cumpla 18 a\u00f1os). Los bocados empleados tambi\u00e9n deben de ser reglamentarios y se examinan tras cada prueba.<\/p>\t\t\t\t\t\t\t\t<\/div>\n\t\t\t\t<\/div>\n\t\t\t\t<div class=\"elementor-element elementor-element-d1a38f7 elementor-widget elementor-widget-image\" data-id=\"d1a38f7\" data-element_type=\"widget\" data-e-type=\"widget\" data-widget_type=\"image.default\">\n\t\t\t\t<div class=\"elementor-widget-container\">\n\t\t\t\t\t\t\t\t\t\t\t\t\t\t\t<img fetchpriority=\"high\" decoding=\"async\" width=\"1400\" height=\"780\" src=\"https:\/\/nrhaspain.com\/wp-content\/uploads\/2023\/12\/nrha-seguros.jpg\" class=\"attachment-full size-full wp-image-2066\" alt=\"\" srcset=\"https:\/\/nrhaspain.com\/wp-content\/uploads\/2023\/12\/nrha-seguros.jpg 1400w, https:\/\/nrhaspain.com\/wp-content\/uploads\/2023\/12\/nrha-seguros-300x167.jpg 300w, https:\/\/nrhaspain.com\/wp-content\/uploads\/2023\/12\/nrha-seguros-1024x571.jpg 1024w, https:\/\/nrhaspain.com\/wp-content\/uploads\/2023\/12\/nrha-seguros-768x428.jpg 768w\" sizes=\"(max-width: 1400px) 100vw, 1400px\">\t\t\t\t\t\t\t\t\t\t\t\t\t\t\t<\/div>\n\t\t\t\t<\/div>\n\t\t\t\t\t<\/div>\n\t\t\t\t<\/div>\n\t\t\t\t<\/div>\n\t\t\t\t<\/div>","protected":false},"excerpt":{"rendered":"<p>\u00bfQu\u00e9 es el Reining? El reining es una modalidad de monta western en la que no se interacciona con vacas, aunque tiene su origen en el trabajo de campo con ganado. En los tiempos del salvaje Oeste, con el caballo se guiaba una manada de vacas y, peri\u00f3dicamente, se separaba alguna para vacunarla, marcarla o [&hellip;]<\/p>\n","protected":false},"author":1,"featured_media":0,"parent":1512,"menu_order":10,"comment_status":"closed","ping_status":"closed","template":"","meta":{"_acf_changed":false,"footnotes":""},"class_list":["post-1514","page","type-page","status-publish","hentry"],"acf":[],"_links":{"self":[{"href":"https:\/\/nrhaspain.com\/en\/wp-json\/wp\/v2\/pages\/1514","targetHints":{"allow":["GET"]}}],"collection":[{"href":"https:\/\/nrhaspain.com\/en\/wp-json\/wp\/v2\/pages"}],"about":[{"href":"https:\/\/nrhaspain.com\/en\/wp-json\/wp\/v2\/types\/page"}],"author":[{"embeddable":true,"href":"https:\/\/nrhaspain.com\/en\/wp-json\/wp\/v2\/users\/1"}],"replies":[{"embeddable":true,"href":"https:\/\/nrhaspain.com\/en\/wp-json\/wp\/v2\/comments?post=1514"}],"version-history":[{"count":10,"href":"https:\/\/nrhaspain.com\/en\/wp-json\/wp\/v2\/pages\/1514\/revisions"}],"predecessor-version":[{"id":2588,"href":"https:\/\/nrhaspain.com\/en\/wp-json\/wp\/v2\/pages\/1514\/revisions\/2588"}],"up":[{"embeddable":true,"href":"https:\/\/nrhaspain.com\/en\/wp-json\/wp\/v2\/pages\/1512"}],"wp:attachment":[{"href":"https:\/\/nrhaspain.com\/en\/wp-json\/wp\/v2\/media?parent=1514"}],"curies":[{"name":"wp","href":"https:\/\/api.w.org\/{rel}","templated":true}]}}