{"id":1509,"date":"2023-12-13T10:25:29","date_gmt":"2023-12-13T09:25:29","guid":{"rendered":"https:\/\/nrhaspain.com\/miembros\/leasing-copy\/"},"modified":"2024-01-15T11:30:18","modified_gmt":"2024-01-15T10:30:18","slug":"seguros","status":"publish","type":"page","link":"https:\/\/nrhaspain.com\/en\/miembros\/seguros\/","title":{"rendered":"Seguros"},"content":{"rendered":"<div data-elementor-type=\"wp-page\" data-elementor-id=\"1509\" class=\"elementor elementor-1509\" data-elementor-settings=\"{&quot;ha_cmc_init_switcher&quot;:&quot;no&quot;}\" data-elementor-post-type=\"page\">\n\t\t\t\t<div class=\"elementor-element elementor-element-3c802dc e-con-full fc-container-padding e-flex e-con e-parent\" data-id=\"3c802dc\" data-element_type=\"container\" data-e-type=\"container\" data-settings=\"{&quot;background_background&quot;:&quot;classic&quot;}\">\n\t\t<div class=\"elementor-element elementor-element-05aa2be e-flex e-con-boxed elementor-invisible e-con e-child\" data-id=\"05aa2be\" data-element_type=\"container\" data-e-type=\"container\" data-settings=\"{&quot;animation&quot;:&quot;fadeIn&quot;,&quot;animation_delay&quot;:800}\">\n\t\t\t\t\t<div class=\"e-con-inner\">\n\t\t\t\t<div class=\"elementor-element elementor-element-9cf4a14 elementor-widget elementor-widget-heading\" data-id=\"9cf4a14\" data-element_type=\"widget\" data-e-type=\"widget\" data-widget_type=\"heading.default\">\n\t\t\t\t<div class=\"elementor-widget-container\">\n\t\t\t\t\t<h1 class=\"elementor-heading-title elementor-size-default\">Seguros Hipicos<\/h1>\t\t\t\t<\/div>\n\t\t\t\t<\/div>\n\t\t\t\t\t<\/div>\n\t\t\t\t<\/div>\n\t\t\t\t<\/div>\n\t\t<div class=\"elementor-element elementor-element-78238d1 e-con-full fc-container-padding e-flex e-con e-parent\" data-id=\"78238d1\" data-element_type=\"container\" data-e-type=\"container\">\n\t\t<div class=\"elementor-element elementor-element-ead2cbf e-flex e-con-boxed e-con e-child\" data-id=\"ead2cbf\" data-element_type=\"container\" data-e-type=\"container\">\n\t\t\t\t\t<div class=\"e-con-inner\">\n\t\t\t\t<div class=\"elementor-element elementor-element-bf4b3a1 elementor-widget elementor-widget-text-editor\" data-id=\"bf4b3a1\" data-element_type=\"widget\" data-e-type=\"widget\" data-widget_type=\"text-editor.default\">\n\t\t\t\t<div class=\"elementor-widget-container\">\n\t\t\t\t\t\t\t\t\t<p>Para poder participar en las competiciones organizadas por la NRHA Spain, es necesario que tanto el jinete como el caballo est\u00e9n asegurados en caso de accidente. Antes de participar en la primera competici\u00f3n de la temporada, es necesario que los jinetes firmen un documento conforme declaran que est\u00e1n cubiertos.<\/p><p>Queda bajo responsabilidad del socio informarse de las distintas modalidades de cobertura y contratar el seguro. A continuaci\u00f3n se exponen algunas opciones.<\/p>\t\t\t\t\t\t\t\t<\/div>\n\t\t\t\t<\/div>\n\t\t\t\t<div class=\"elementor-element elementor-element-991eab8 elementor-widget elementor-widget-heading\" data-id=\"991eab8\" data-element_type=\"widget\" data-e-type=\"widget\" data-widget_type=\"heading.default\">\n\t\t\t\t<div class=\"elementor-widget-container\">\n\t\t\t\t\t<h2 class=\"elementor-heading-title elementor-size-default\">Seguros privados<\/h2>\t\t\t\t<\/div>\n\t\t\t\t<\/div>\n\t\t\t\t<div class=\"elementor-element elementor-element-8d7030d elementor-widget elementor-widget-text-editor\" data-id=\"8d7030d\" data-element_type=\"widget\" data-e-type=\"widget\" data-widget_type=\"text-editor.default\">\n\t\t\t\t<div class=\"elementor-widget-container\">\n\t\t\t\t\t\t\t\t\t<p>El jinete puede tener un seguro privado que incluya la cobertura en case de accidente h\u00edpico.<\/p>\t\t\t\t\t\t\t\t<\/div>\n\t\t\t\t<\/div>\n\t\t\t\t<div class=\"elementor-element elementor-element-3de3147 elementor-widget elementor-widget-heading\" data-id=\"3de3147\" data-element_type=\"widget\" data-e-type=\"widget\" data-widget_type=\"heading.default\">\n\t\t\t\t<div class=\"elementor-widget-container\">\n\t\t\t\t\t<h2 class=\"elementor-heading-title elementor-size-default\">Seguros h\u00edpicos<\/h2>\t\t\t\t<\/div>\n\t\t\t\t<\/div>\n\t\t\t\t<div class=\"elementor-element elementor-element-014fcc4 elementor-widget elementor-widget-text-editor\" data-id=\"014fcc4\" data-element_type=\"widget\" data-e-type=\"widget\" data-widget_type=\"text-editor.default\">\n\t\t\t\t<div class=\"elementor-widget-container\">\n\t\t\t\t\t\t\t\t\t<p>Se puede contratar un seguro h\u00edpico que cubra en caso de accidente. A continuaci\u00f3n se presentan algunos seguros ofrecidos por la Corredur\u00eda de Seguros SEGUROSHIPICOS, los cuales son sponsors de la NRHA Spain.<\/p>\t\t\t\t\t\t\t\t<\/div>\n\t\t\t\t<\/div>\n\t\t\t\t<div class=\"elementor-element elementor-element-c856509 elementor-widget elementor-widget-heading\" data-id=\"c856509\" data-element_type=\"widget\" data-e-type=\"widget\" data-widget_type=\"heading.default\">\n\t\t\t\t<div class=\"elementor-widget-container\">\n\t\t\t\t\t<h2 class=\"elementor-heading-title elementor-size-default\">Seguros para jinetes y amazonas<\/h2>\t\t\t\t<\/div>\n\t\t\t\t<\/div>\n\t\t\t\t<div class=\"elementor-element elementor-element-68b5183 elementor-widget elementor-widget-text-editor\" data-id=\"68b5183\" data-element_type=\"widget\" data-e-type=\"widget\" data-widget_type=\"text-editor.default\">\n\t\t\t\t<div class=\"elementor-widget-container\">\n\t\t\t\t\t\t\t\t\t<p><a href=\"https:\/\/www.seguroshipicos.com\/seguros-para-profesionales\/seguros-para-jinetes-y-amazonas\/\" target=\"_blank\" rel=\"noopener\">https:\/\/www.seguroshipicos.com\/seguros-para-profesionales\/seguros-para-jinetes-y-amazonas\/<\/a><\/p>\t\t\t\t\t\t\t\t<\/div>\n\t\t\t\t<\/div>\n\t\t\t\t<div class=\"elementor-element elementor-element-732599a elementor-widget elementor-widget-heading\" data-id=\"732599a\" data-element_type=\"widget\" data-e-type=\"widget\" data-widget_type=\"heading.default\">\n\t\t\t\t<div class=\"elementor-widget-container\">\n\t\t\t\t\t<h2 class=\"elementor-heading-title elementor-size-default\">Seguros de responsabilidad civil para caballos<\/h2>\t\t\t\t<\/div>\n\t\t\t\t<\/div>\n\t\t\t\t<div class=\"elementor-element elementor-element-3e53829 elementor-widget elementor-widget-text-editor\" data-id=\"3e53829\" data-element_type=\"widget\" data-e-type=\"widget\" data-widget_type=\"text-editor.default\">\n\t\t\t\t<div class=\"elementor-widget-container\">\n\t\t\t\t\t\t\t\t\t<p><a href=\"https:\/\/www.seguroshipicos.com\/seguros-para-caballos\/seguros-de-responsabilidad-civil\/\" target=\"_blank\" rel=\"noopener\">https:\/\/www.seguroshipicos.com\/seguros-para-caballos\/seguros-de-responsabilidad-civil\/<\/a><\/p>\t\t\t\t\t\t\t\t<\/div>\n\t\t\t\t<\/div>\n\t\t\t\t<div class=\"elementor-element elementor-element-d6a03cb elementor-widget elementor-widget-heading\" data-id=\"d6a03cb\" data-element_type=\"widget\" data-e-type=\"widget\" data-widget_type=\"heading.default\">\n\t\t\t\t<div class=\"elementor-widget-container\">\n\t\t\t\t\t<h2 class=\"elementor-heading-title elementor-size-default\">Seguro de vida para caballos<\/h2>\t\t\t\t<\/div>\n\t\t\t\t<\/div>\n\t\t\t\t<div class=\"elementor-element elementor-element-c354929 elementor-widget elementor-widget-text-editor\" data-id=\"c354929\" data-element_type=\"widget\" data-e-type=\"widget\" data-widget_type=\"text-editor.default\">\n\t\t\t\t<div class=\"elementor-widget-container\">\n\t\t\t\t\t\t\t\t\t<p><a href=\"https:\/\/www.seguroshipicos.com\/seguros-para-caballos\/seguros-de-vida\/\" target=\"_blank\" rel=\"noopener\">https:\/\/www.seguroshipicos.com\/seguros-para-caballos\/seguros-de-vida\/<\/a><\/p>\t\t\t\t\t\t\t\t<\/div>\n\t\t\t\t<\/div>\n\t\t\t\t<div class=\"elementor-element elementor-element-6509098 elementor-widget elementor-widget-heading\" data-id=\"6509098\" data-element_type=\"widget\" data-e-type=\"widget\" data-widget_type=\"heading.default\">\n\t\t\t\t<div class=\"elementor-widget-container\">\n\t\t\t\t\t<h2 class=\"elementor-heading-title elementor-size-default\">Otros seguros<\/h2>\t\t\t\t<\/div>\n\t\t\t\t<\/div>\n\t\t\t\t<div class=\"elementor-element elementor-element-b93c2c7 elementor-widget elementor-widget-text-editor\" data-id=\"b93c2c7\" data-element_type=\"widget\" data-e-type=\"widget\" data-widget_type=\"text-editor.default\">\n\t\t\t\t<div class=\"elementor-widget-container\">\n\t\t\t\t\t\t\t\t\t<p>Los jinetes puedes estar asegurados de cualquier otra forma siempre que sea v\u00e1lida para aquellas competiciones en las que participen. Por ejemplo, estar federados tanto caballo como jinete a nivel nacional para poder asistir a las competiciones de todo el territorio.<\/p>\t\t\t\t\t\t\t\t<\/div>\n\t\t\t\t<\/div>\n\t\t\t\t<div class=\"elementor-element elementor-element-0bfbd3a elementor-widget elementor-widget-image\" data-id=\"0bfbd3a\" data-element_type=\"widget\" data-e-type=\"widget\" data-widget_type=\"image.default\">\n\t\t\t\t<div class=\"elementor-widget-container\">\n\t\t\t\t\t\t\t\t\t\t\t\t\t\t\t<img fetchpriority=\"high\" decoding=\"async\" width=\"1280\" height=\"854\" src=\"https:\/\/nrhaspain.com\/wp-content\/uploads\/2024\/01\/unnamed-1.jpg\" class=\"attachment-full size-full wp-image-2827\" alt=\"\" srcset=\"https:\/\/nrhaspain.com\/wp-content\/uploads\/2024\/01\/unnamed-1.jpg 1280w, https:\/\/nrhaspain.com\/wp-content\/uploads\/2024\/01\/unnamed-1-300x200.jpg 300w, https:\/\/nrhaspain.com\/wp-content\/uploads\/2024\/01\/unnamed-1-1024x683.jpg 1024w, https:\/\/nrhaspain.com\/wp-content\/uploads\/2024\/01\/unnamed-1-768x512.jpg 768w\" sizes=\"(max-width: 1280px) 100vw, 1280px\">\t\t\t\t\t\t\t\t\t\t\t\t\t\t\t<\/div>\n\t\t\t\t<\/div>\n\t\t\t\t\t<\/div>\n\t\t\t\t<\/div>\n\t\t\t\t<\/div>\n\t\t\t\t<\/div>","protected":false},"excerpt":{"rendered":"<p>Seguros Hipicos Para poder participar en las competiciones organizadas por la NRHA Spain, es necesario que tanto el jinete como el caballo est\u00e9n asegurados en caso de accidente. Antes de participar en la primera competici\u00f3n de la temporada, es necesario que los jinetes firmen un documento conforme declaran que est\u00e1n cubiertos. Queda bajo responsabilidad del [&hellip;]<\/p>\n","protected":false},"author":1,"featured_media":0,"parent":1499,"menu_order":7,"comment_status":"closed","ping_status":"closed","template":"","meta":{"_acf_changed":false,"footnotes":""},"class_list":["post-1509","page","type-page","status-publish","hentry"],"acf":[],"_links":{"self":[{"href":"https:\/\/nrhaspain.com\/en\/wp-json\/wp\/v2\/pages\/1509","targetHints":{"allow":["GET"]}}],"collection":[{"href":"https:\/\/nrhaspain.com\/en\/wp-json\/wp\/v2\/pages"}],"about":[{"href":"https:\/\/nrhaspain.com\/en\/wp-json\/wp\/v2\/types\/page"}],"author":[{"embeddable":true,"href":"https:\/\/nrhaspain.com\/en\/wp-json\/wp\/v2\/users\/1"}],"replies":[{"embeddable":true,"href":"https:\/\/nrhaspain.com\/en\/wp-json\/wp\/v2\/comments?post=1509"}],"version-history":[{"count":22,"href":"https:\/\/nrhaspain.com\/en\/wp-json\/wp\/v2\/pages\/1509\/revisions"}],"predecessor-version":[{"id":2836,"href":"https:\/\/nrhaspain.com\/en\/wp-json\/wp\/v2\/pages\/1509\/revisions\/2836"}],"up":[{"embeddable":true,"href":"https:\/\/nrhaspain.com\/en\/wp-json\/wp\/v2\/pages\/1499"}],"wp:attachment":[{"href":"https:\/\/nrhaspain.com\/en\/wp-json\/wp\/v2\/media?parent=1509"}],"curies":[{"name":"wp","href":"https:\/\/api.w.org\/{rel}","templated":true}]}}