{"id":1505,"date":"2023-12-13T10:23:58","date_gmt":"2023-12-13T09:23:58","guid":{"rendered":"https:\/\/nrhaspain.com\/?page_id=1505"},"modified":"2024-01-14T13:38:42","modified_gmt":"2024-01-14T12:38:42","slug":"hazte-socio-nrha-america","status":"publish","type":"page","link":"https:\/\/nrhaspain.com\/en\/miembros\/hazte-socio-nrha-america\/","title":{"rendered":"Hazte socio NRHA Am\u00e9rica"},"content":{"rendered":"<div data-elementor-type=\"wp-page\" data-elementor-id=\"1505\" class=\"elementor elementor-1505\" data-elementor-settings=\"{&quot;ha_cmc_init_switcher&quot;:&quot;no&quot;}\" data-elementor-post-type=\"page\">\n\t\t\t\t<div class=\"elementor-element elementor-element-b87f3c3 e-con-full fc-container-padding e-flex e-con e-parent\" data-id=\"b87f3c3\" data-element_type=\"container\" data-e-type=\"container\" data-settings=\"{&quot;background_background&quot;:&quot;classic&quot;}\">\n\t\t<div class=\"elementor-element elementor-element-5515083 e-flex e-con-boxed elementor-invisible e-con e-child\" data-id=\"5515083\" data-element_type=\"container\" data-e-type=\"container\" data-settings=\"{&quot;animation&quot;:&quot;fadeIn&quot;,&quot;animation_delay&quot;:800}\">\n\t\t\t\t\t<div class=\"e-con-inner\">\n\t\t\t\t<div class=\"elementor-element elementor-element-ea5f720 elementor-widget elementor-widget-heading\" data-id=\"ea5f720\" data-element_type=\"widget\" data-e-type=\"widget\" data-widget_type=\"heading.default\">\n\t\t\t\t<div class=\"elementor-widget-container\">\n\t\t\t\t\t<h1 class=\"elementor-heading-title elementor-size-default\">NRHA Am\u00e9rica<\/h1>\t\t\t\t<\/div>\n\t\t\t\t<\/div>\n\t\t\t\t<div class=\"elementor-element elementor-element-91dcd51 elementor-widget elementor-widget-heading\" data-id=\"91dcd51\" data-element_type=\"widget\" data-e-type=\"widget\" data-widget_type=\"heading.default\">\n\t\t\t\t<div class=\"elementor-widget-container\">\n\t\t\t\t\t<span class=\"elementor-heading-title elementor-size-default\"><a href=\"https:\/\/www.nrha.com\/\" target=\"_blank\" rel=\"noopener\">https:\/\/www.nrha.com<\/a><\/span>\t\t\t\t<\/div>\n\t\t\t\t<\/div>\n\t\t\t\t\t<\/div>\n\t\t\t\t<\/div>\n\t\t\t\t<\/div>\n\t\t<div class=\"elementor-element elementor-element-8ae1e54 e-con-full fc-container-padding e-flex e-con e-parent\" data-id=\"8ae1e54\" data-element_type=\"container\" data-e-type=\"container\">\n\t\t<div class=\"elementor-element elementor-element-ac512a8 e-flex e-con-boxed e-con e-child\" data-id=\"ac512a8\" data-element_type=\"container\" data-e-type=\"container\">\n\t\t\t\t\t<div class=\"e-con-inner\">\n\t\t<div class=\"elementor-element elementor-element-ae55b51 fc-container-col e-flex e-con-boxed e-con e-child\" data-id=\"ae55b51\" data-element_type=\"container\" data-e-type=\"container\">\n\t\t\t\t\t<div class=\"e-con-inner\">\n\t\t\t\t<div class=\"elementor-element elementor-element-8e81439 elementor-widget elementor-widget-image\" data-id=\"8e81439\" data-element_type=\"widget\" data-e-type=\"widget\" data-widget_type=\"image.default\">\n\t\t\t\t<div class=\"elementor-widget-container\">\n\t\t\t\t\t\t\t\t\t\t\t\t\t\t\t<img fetchpriority=\"high\" decoding=\"async\" width=\"600\" height=\"750\" src=\"https:\/\/nrhaspain.com\/wp-content\/uploads\/2023\/12\/nrha-nrha-usa.jpg\" class=\"attachment-large size-large wp-image-1998\" alt=\"\" srcset=\"https:\/\/nrhaspain.com\/wp-content\/uploads\/2023\/12\/nrha-nrha-usa.jpg 600w, https:\/\/nrhaspain.com\/wp-content\/uploads\/2023\/12\/nrha-nrha-usa-240x300.jpg 240w\" sizes=\"(max-width: 600px) 100vw, 600px\">\t\t\t\t\t\t\t\t\t\t\t\t\t\t\t<\/div>\n\t\t\t\t<\/div>\n\t\t\t\t\t<\/div>\n\t\t\t\t<\/div>\n\t\t<div class=\"elementor-element elementor-element-4bb0c8e fc-container-col e-flex e-con-boxed e-con e-child\" data-id=\"4bb0c8e\" data-element_type=\"container\" data-e-type=\"container\">\n\t\t\t\t\t<div class=\"e-con-inner\">\n\t\t\t\t<div class=\"elementor-element elementor-element-661bc2a elementor-widget elementor-widget-image\" data-id=\"661bc2a\" data-element_type=\"widget\" data-e-type=\"widget\" data-widget_type=\"image.default\">\n\t\t\t\t<div class=\"elementor-widget-container\">\n\t\t\t\t\t\t\t\t\t\t\t\t\t\t\t<img decoding=\"async\" width=\"228\" height=\"54\" src=\"https:\/\/nrhaspain.com\/wp-content\/uploads\/2023\/12\/nrha-enlace-nrha-usa.jpg\" class=\"attachment-large size-large wp-image-1990\" alt=\"\">\t\t\t\t\t\t\t\t\t\t\t\t\t\t\t<\/div>\n\t\t\t\t<\/div>\n\t\t\t\t<div class=\"elementor-element elementor-element-83c257b elementor-widget elementor-widget-heading\" data-id=\"83c257b\" data-element_type=\"widget\" data-e-type=\"widget\" data-widget_type=\"heading.default\">\n\t\t\t\t<div class=\"elementor-widget-container\">\n\t\t\t\t\t<h2 class=\"elementor-heading-title elementor-size-default\">\u00bfQui\u00e9res ser socio de la NRHA USA?<\/h2>\t\t\t\t<\/div>\n\t\t\t\t<\/div>\n\t\t\t\t<div class=\"elementor-element elementor-element-6796bf5 elementor-widget elementor-widget-text-editor\" data-id=\"6796bf5\" data-element_type=\"widget\" data-e-type=\"widget\" data-widget_type=\"text-editor.default\">\n\t\t\t\t<div class=\"elementor-widget-container\">\n\t\t\t\t\t\t\t\t\t<p>Para poder competir en categor\u00edas aprobadas de competiciones oficiales NRHA Spain, es obligatorio tener en vigor la membres\u00eda NRHA USA. Las altas y renovaciones se realizan de forma muy simple en la web NRHA USA.<\/p><ul><li>En la web encontraras muchos videos sobre diferente informaci\u00f3n para c\u00f3mo darse de alta, renovaciones, licencia de competici\u00f3n, etc.<\/li><li>En la parte superior \u201cNew to NRHA?\u201d, clicaremos en la parte CLICK HERE y seguiremos las instrucciones para realizar la renovaci\u00f3n o alta de nuevo ingreso.<\/li><\/ul>\t\t\t\t\t\t\t\t<\/div>\n\t\t\t\t<\/div>\n\t\t<div class=\"elementor-element elementor-element-e7acb68 e-flex e-con-boxed e-con e-child\" data-id=\"e7acb68\" data-element_type=\"container\" data-e-type=\"container\">\n\t\t\t\t\t<div class=\"e-con-inner\">\n\t\t\t\t<div class=\"elementor-element elementor-element-3f26369 fc-boton-filled elementor-widget elementor-widget-button\" data-id=\"3f26369\" data-element_type=\"widget\" data-e-type=\"widget\" data-widget_type=\"button.default\">\n\t\t\t\t<div class=\"elementor-widget-container\">\n\t\t\t\t\t\t\t\t\t<div class=\"elementor-button-wrapper\">\n\t\t\t\t\t<a class=\"elementor-button elementor-button-link elementor-size-sm\" href=\"https:\/\/nrha.com\/reinersuite\" target=\"_blank\" rel=\"noopener\">\n\t\t\t\t\t\t<span class=\"elementor-button-content-wrapper\">\n\t\t\t\t\t\t\t\t\t<span class=\"elementor-button-text\">Quiero hacerme socio<\/span>\n\t\t\t\t\t<\/span>\n\t\t\t\t\t<\/a>\n\t\t\t\t<\/div>\n\t\t\t\t\t\t\t\t<\/div>\n\t\t\t\t<\/div>\n\t\t\t\t\t<\/div>\n\t\t\t\t<\/div>\n\t\t\t\t\t<\/div>\n\t\t\t\t<\/div>\n\t\t\t\t\t<\/div>\n\t\t\t\t<\/div>\n\t\t\t\t<\/div>\n\t\t\t\t<\/div>","protected":false},"excerpt":{"rendered":"<p>NRHA Am\u00e9rica https:\/\/www.nrha.com \u00bfQui\u00e9res ser socio de la NRHA USA? Para poder competir en categor\u00edas aprobadas de competiciones oficiales NRHA Spain, es obligatorio tener en vigor la membres\u00eda NRHA USA. Las altas y renovaciones se realizan de forma muy simple en la web NRHA USA. En la web encontraras muchos videos sobre diferente informaci\u00f3n para [&hellip;]<\/p>\n","protected":false},"author":1,"featured_media":0,"parent":1499,"menu_order":5,"comment_status":"closed","ping_status":"closed","template":"","meta":{"_acf_changed":false,"footnotes":""},"class_list":["post-1505","page","type-page","status-publish","hentry"],"acf":[],"_links":{"self":[{"href":"https:\/\/nrhaspain.com\/en\/wp-json\/wp\/v2\/pages\/1505","targetHints":{"allow":["GET"]}}],"collection":[{"href":"https:\/\/nrhaspain.com\/en\/wp-json\/wp\/v2\/pages"}],"about":[{"href":"https:\/\/nrhaspain.com\/en\/wp-json\/wp\/v2\/types\/page"}],"author":[{"embeddable":true,"href":"https:\/\/nrhaspain.com\/en\/wp-json\/wp\/v2\/users\/1"}],"replies":[{"embeddable":true,"href":"https:\/\/nrhaspain.com\/en\/wp-json\/wp\/v2\/comments?post=1505"}],"version-history":[{"count":25,"href":"https:\/\/nrhaspain.com\/en\/wp-json\/wp\/v2\/pages\/1505\/revisions"}],"predecessor-version":[{"id":2569,"href":"https:\/\/nrhaspain.com\/en\/wp-json\/wp\/v2\/pages\/1505\/revisions\/2569"}],"up":[{"embeddable":true,"href":"https:\/\/nrhaspain.com\/en\/wp-json\/wp\/v2\/pages\/1499"}],"wp:attachment":[{"href":"https:\/\/nrhaspain.com\/en\/wp-json\/wp\/v2\/media?parent=1505"}],"curies":[{"name":"wp","href":"https:\/\/api.w.org\/{rel}","templated":true}]}}