{"id":1499,"date":"2023-12-13T09:53:06","date_gmt":"2023-12-13T08:53:06","guid":{"rendered":"https:\/\/nrhaspain.com\/?page_id=1499"},"modified":"2025-02-12T21:18:28","modified_gmt":"2025-02-12T20:18:28","slug":"miembros","status":"publish","type":"page","link":"https:\/\/nrhaspain.com\/en\/miembros\/","title":{"rendered":"Miembros"},"content":{"rendered":"<div data-elementor-type=\"wp-page\" data-elementor-id=\"1499\" class=\"elementor elementor-1499\" data-elementor-settings=\"{&quot;ha_cmc_init_switcher&quot;:&quot;no&quot;}\" data-elementor-post-type=\"page\">\n\t\t\t\t<div class=\"elementor-element elementor-element-cfce1fa e-con-full e-flex e-con e-parent\" data-id=\"cfce1fa\" data-element_type=\"container\" data-e-type=\"container\" data-settings=\"{&quot;background_background&quot;:&quot;classic&quot;}\">\n\t\t<div class=\"elementor-element elementor-element-c9df5e3 fc-container-padding e-flex e-con-boxed elementor-invisible e-con e-child\" data-id=\"c9df5e3\" data-element_type=\"container\" data-e-type=\"container\" data-settings=\"{&quot;animation&quot;:&quot;fadeIn&quot;,&quot;animation_delay&quot;:800}\">\n\t\t\t\t\t<div class=\"e-con-inner\">\n\t\t\t\t<div class=\"elementor-element elementor-element-69a344d elementor-widget elementor-widget-heading\" data-id=\"69a344d\" data-element_type=\"widget\" data-e-type=\"widget\" data-widget_type=\"heading.default\">\n\t\t\t\t<div class=\"elementor-widget-container\">\n\t\t\t\t\t<h1 class=\"elementor-heading-title elementor-size-default\">Miembros<\/h1>\t\t\t\t<\/div>\n\t\t\t\t<\/div>\n\t\t\t\t<div class=\"elementor-element elementor-element-9742446 elementor-widget elementor-widget-heading\" data-id=\"9742446\" data-element_type=\"widget\" data-e-type=\"widget\" data-widget_type=\"heading.default\">\n\t\t\t\t<div class=\"elementor-widget-container\">\n\t\t\t\t\t<p class=\"elementor-heading-title elementor-size-default\">Hazte miembro de la asociaci\u00f3n \"NATIONAL REINING HORSE ASSOCIATION SPAIN\"<\/p>\t\t\t\t<\/div>\n\t\t\t\t<\/div>\n\t\t\t\t\t<\/div>\n\t\t\t\t<\/div>\n\t\t\t\t<\/div>\n\t\t<div class=\"elementor-element elementor-element-c75b979 e-con-full fc-container-padding e-flex e-con e-parent\" data-id=\"c75b979\" data-element_type=\"container\" data-e-type=\"container\">\n\t\t<div class=\"elementor-element elementor-element-fba2c11 e-grid e-con-boxed e-con e-child\" data-id=\"fba2c11\" data-element_type=\"container\" data-e-type=\"container\">\n\t\t\t\t\t<div class=\"e-con-inner\">\n\t\t<div class=\"elementor-element elementor-element-d9ee2e9 e-flex e-con-boxed e-con e-child\" data-id=\"d9ee2e9\" data-element_type=\"container\" data-e-type=\"container\" data-settings=\"{&quot;background_background&quot;:&quot;classic&quot;}\">\n\t\t\t\t\t<div class=\"e-con-inner\">\n\t\t\t\t<div class=\"elementor-element elementor-element-5a55e8d elementor-widget__width-inherit elementor-widget elementor-widget-heading\" data-id=\"5a55e8d\" data-element_type=\"widget\" data-e-type=\"widget\" data-widget_type=\"heading.default\">\n\t\t\t\t<div class=\"elementor-widget-container\">\n\t\t\t\t\t<h3 class=\"elementor-heading-title elementor-size-default\"><a href=\"https:\/\/nrhaspain.com\/en\/miembros\/hazte-socio\/\">Hazte socio<\/a><\/h3>\t\t\t\t<\/div>\n\t\t\t\t<\/div>\n\t\t\t\t\t<\/div>\n\t\t\t\t<\/div>\n\t\t<div class=\"elementor-element elementor-element-d1f2885 e-flex e-con-boxed e-con e-child\" data-id=\"d1f2885\" data-element_type=\"container\" data-e-type=\"container\" data-settings=\"{&quot;background_background&quot;:&quot;classic&quot;}\">\n\t\t\t\t\t<div class=\"e-con-inner\">\n\t\t\t\t<div class=\"elementor-element elementor-element-4cae620 elementor-widget__width-inherit elementor-widget elementor-widget-heading\" data-id=\"4cae620\" data-element_type=\"widget\" data-e-type=\"widget\" data-widget_type=\"heading.default\">\n\t\t\t\t<div class=\"elementor-widget-container\">\n\t\t\t\t\t<h3 class=\"elementor-heading-title elementor-size-default\"><a href=\"https:\/\/nrhaspain.com\/en\/miembros\/hazte-socio-nrha-america\/\">Hazte socio NRHA Am\u00e9rica<\/a><\/h3>\t\t\t\t<\/div>\n\t\t\t\t<\/div>\n\t\t\t\t\t<\/div>\n\t\t\t\t<\/div>\n\t\t<div class=\"elementor-element elementor-element-d9da416 e-flex e-con-boxed e-con e-child\" data-id=\"d9da416\" data-element_type=\"container\" data-e-type=\"container\" data-settings=\"{&quot;background_background&quot;:&quot;classic&quot;}\">\n\t\t\t\t\t<div class=\"e-con-inner\">\n\t\t\t\t<div class=\"elementor-element elementor-element-ea35942 elementor-widget__width-inherit elementor-widget elementor-widget-heading\" data-id=\"ea35942\" data-element_type=\"widget\" data-e-type=\"widget\" data-widget_type=\"heading.default\">\n\t\t\t\t<div class=\"elementor-widget-container\">\n\t\t\t\t\t<h3 class=\"elementor-heading-title elementor-size-default\"><a href=\"https:\/\/nrhaspain.com\/en\/miembros\/licencia-de-competicion\/\">licencia de competici\u00f3n<\/a><\/h3>\t\t\t\t<\/div>\n\t\t\t\t<\/div>\n\t\t\t\t\t<\/div>\n\t\t\t\t<\/div>\n\t\t<div class=\"elementor-element elementor-element-6ec667d e-flex e-con-boxed e-con e-child\" data-id=\"6ec667d\" data-element_type=\"container\" data-e-type=\"container\" data-settings=\"{&quot;background_background&quot;:&quot;classic&quot;}\">\n\t\t\t\t\t<div class=\"e-con-inner\">\n\t\t\t\t<div class=\"elementor-element elementor-element-c120758 elementor-widget__width-inherit elementor-widget elementor-widget-heading\" data-id=\"c120758\" data-element_type=\"widget\" data-e-type=\"widget\" data-widget_type=\"heading.default\">\n\t\t\t\t<div class=\"elementor-widget-container\">\n\t\t\t\t\t<h3 class=\"elementor-heading-title elementor-size-default\"><a href=\"https:\/\/nrhaspain.com\/en\/miembros\/seguros\/\">Seguros<\/a><\/h3>\t\t\t\t<\/div>\n\t\t\t\t<\/div>\n\t\t\t\t\t<\/div>\n\t\t\t\t<\/div>\n\t\t\t\t\t<\/div>\n\t\t\t\t<\/div>\n\t\t\t\t<\/div>\n\t\t<div class=\"elementor-element elementor-element-a541709 e-con-full fc-container-padding e-flex e-con e-parent\" data-id=\"a541709\" data-element_type=\"container\" data-e-type=\"container\">\n\t\t<div class=\"elementor-element elementor-element-1f0893c e-flex e-con-boxed e-con e-child\" data-id=\"1f0893c\" data-element_type=\"container\" data-e-type=\"container\">\n\t\t\t\t\t<div class=\"e-con-inner\">\n\t\t<div class=\"elementor-element elementor-element-c74d06f fc-container-col e-flex e-con-boxed e-con e-child\" data-id=\"c74d06f\" data-element_type=\"container\" data-e-type=\"container\">\n\t\t\t\t\t<div class=\"e-con-inner\">\n\t\t\t\t<div class=\"elementor-element elementor-element-b2c81ed elementor-widget elementor-widget-heading\" data-id=\"b2c81ed\" data-element_type=\"widget\" data-e-type=\"widget\" data-widget_type=\"heading.default\">\n\t\t\t\t<div class=\"elementor-widget-container\">\n\t\t\t\t\t<div class=\"elementor-heading-title elementor-size-default\">NRHA Spain<\/div>\t\t\t\t<\/div>\n\t\t\t\t<\/div>\n\t\t\t\t<div class=\"elementor-element elementor-element-054adb8 elementor-widget elementor-widget-heading\" data-id=\"054adb8\" data-element_type=\"widget\" data-e-type=\"widget\" data-widget_type=\"heading.default\">\n\t\t\t\t<div class=\"elementor-widget-container\">\n\t\t\t\t\t<h2 class=\"elementor-heading-title elementor-size-default\">\u00a1\u00danete a la NRHA Spain!<\/h2>\t\t\t\t<\/div>\n\t\t\t\t<\/div>\n\t\t\t\t<div class=\"elementor-element elementor-element-e8f2abd elementor-widget elementor-widget-text-editor\" data-id=\"e8f2abd\" data-element_type=\"widget\" data-e-type=\"widget\" data-widget_type=\"text-editor.default\">\n\t\t\t\t<div class=\"elementor-widget-container\">\n\t\t\t\t\t\t\t\t\t<p>Convirti\u00e9ndote en miembro de la asociaci\u00f3n, se unen tus fuerzas a las de otros atletas y entusiastas del Reining igual que t\u00fa. Reiners que se dedican a la b\u00fasqueda de la excelencia y a fomentar el crecimiento y la expansi\u00f3n de nuestro deporte. Ya seas jinete de \u00e9lite internacional, entrenador de competici\u00f3n, propietario o bien alguien que monta los fines de semana por diversi\u00f3n, eres la voz de la NRHA Spain y contribuyes en hacer que el deporte del Reining en Espa\u00f1a sea algo m\u00e1s que solo un deporte.<\/p><p>Ser miembro de la NRHA Spain, conlleva una amplia variedad de beneficios, pero, lo m\u00e1s importante, es una manera de dar soporte a la comunidad ecuestre y al deporte y caballos que tanto nos gustan.<\/p>\t\t\t\t\t\t\t\t<\/div>\n\t\t\t\t<\/div>\n\t\t<div class=\"elementor-element elementor-element-2292938 e-grid e-con-boxed e-con e-child\" data-id=\"2292938\" data-element_type=\"container\" data-e-type=\"container\">\n\t\t\t\t\t<div class=\"e-con-inner\">\n\t\t<div class=\"elementor-element elementor-element-2fc22b6 e-flex e-con-boxed e-con e-child\" data-id=\"2fc22b6\" data-element_type=\"container\" data-e-type=\"container\" data-settings=\"{&quot;background_background&quot;:&quot;classic&quot;}\">\n\t\t\t\t\t<div class=\"e-con-inner\">\n\t\t\t\t<div class=\"elementor-element elementor-element-cd6abd8 elementor-widget elementor-widget-heading\" data-id=\"cd6abd8\" data-element_type=\"widget\" data-e-type=\"widget\" data-widget_type=\"heading.default\">\n\t\t\t\t<div class=\"elementor-widget-container\">\n\t\t\t\t\t<h3 class=\"elementor-heading-title elementor-size-default\">Soporte<\/h3>\t\t\t\t<\/div>\n\t\t\t\t<\/div>\n\t\t\t\t<div class=\"elementor-element elementor-element-408ae74 elementor-widget elementor-widget-text-editor\" data-id=\"408ae74\" data-element_type=\"widget\" data-e-type=\"widget\" data-widget_type=\"text-editor.default\">\n\t\t\t\t<div class=\"elementor-widget-container\">\n\t\t\t\t\t\t\t\t\t<p>Tu participaci\u00f3n en la asociaci\u00f3n permite que el deporte del Reining siga prosperando, creciendo y consolid\u00e1ndose tanto en Espa\u00f1a como en el resto del mundo.<\/p>\t\t\t\t\t\t\t\t<\/div>\n\t\t\t\t<\/div>\n\t\t\t\t\t<\/div>\n\t\t\t\t<\/div>\n\t\t<div class=\"elementor-element elementor-element-edc14ac e-flex e-con-boxed e-con e-child\" data-id=\"edc14ac\" data-element_type=\"container\" data-e-type=\"container\" data-settings=\"{&quot;background_background&quot;:&quot;classic&quot;}\">\n\t\t\t\t\t<div class=\"e-con-inner\">\n\t\t\t\t<div class=\"elementor-element elementor-element-cd4a82c elementor-widget elementor-widget-heading\" data-id=\"cd4a82c\" data-element_type=\"widget\" data-e-type=\"widget\" data-widget_type=\"heading.default\">\n\t\t\t\t<div class=\"elementor-widget-container\">\n\t\t\t\t\t<h3 class=\"elementor-heading-title elementor-size-default\">Competici\u00f3n<\/h3>\t\t\t\t<\/div>\n\t\t\t\t<\/div>\n\t\t\t\t<div class=\"elementor-element elementor-element-7747faa elementor-widget elementor-widget-text-editor\" data-id=\"7747faa\" data-element_type=\"widget\" data-e-type=\"widget\" data-widget_type=\"text-editor.default\">\n\t\t\t\t<div class=\"elementor-widget-container\">\n\t\t\t\t\t\t\t\t\t<p>Tendr\u00e1s la posibilidad de participar en competiciones NRHA Spain. Con todas las precauciones y directrices necesarias para la ocasi\u00f3n, los eventos aprobados por la NRHA Spain garantizan competiciones justas, seguras y divertidas!<\/p>\t\t\t\t\t\t\t\t<\/div>\n\t\t\t\t<\/div>\n\t\t\t\t\t<\/div>\n\t\t\t\t<\/div>\n\t\t<div class=\"elementor-element elementor-element-b0519c1 e-flex e-con-boxed e-con e-child\" data-id=\"b0519c1\" data-element_type=\"container\" data-e-type=\"container\" data-settings=\"{&quot;background_background&quot;:&quot;classic&quot;}\">\n\t\t\t\t\t<div class=\"e-con-inner\">\n\t\t\t\t<div class=\"elementor-element elementor-element-d23eaa2 elementor-widget elementor-widget-heading\" data-id=\"d23eaa2\" data-element_type=\"widget\" data-e-type=\"widget\" data-widget_type=\"heading.default\">\n\t\t\t\t<div class=\"elementor-widget-container\">\n\t\t\t\t\t<h3 class=\"elementor-heading-title elementor-size-default\">Suscripci\u00f3n<\/h3>\t\t\t\t<\/div>\n\t\t\t\t<\/div>\n\t\t\t\t<div class=\"elementor-element elementor-element-c9b80b5 elementor-widget elementor-widget-text-editor\" data-id=\"c9b80b5\" data-element_type=\"widget\" data-e-type=\"widget\" data-widget_type=\"text-editor.default\">\n\t\t\t\t<div class=\"elementor-widget-container\">\n\t\t\t\t\t\t\t\t\t<p>Ser socio de la NRHA Spain no solo est\u00e1 enfocado para jinetes que desean competir en esta disciplina, cualquier persona puede ser socia NRHA Spain y de este modo, estar al corriente de todas las actividades y eventos que organice la NRHA Spain.<\/p>\t\t\t\t\t\t\t\t<\/div>\n\t\t\t\t<\/div>\n\t\t\t\t\t<\/div>\n\t\t\t\t<\/div>\n\t\t<div class=\"elementor-element elementor-element-de69ed8 e-flex e-con-boxed e-con e-child\" data-id=\"de69ed8\" data-element_type=\"container\" data-e-type=\"container\" data-settings=\"{&quot;background_background&quot;:&quot;classic&quot;}\">\n\t\t\t\t\t<div class=\"e-con-inner\">\n\t\t\t\t<div class=\"elementor-element elementor-element-9bc7dd1 elementor-widget elementor-widget-heading\" data-id=\"9bc7dd1\" data-element_type=\"widget\" data-e-type=\"widget\" data-widget_type=\"heading.default\">\n\t\t\t\t<div class=\"elementor-widget-container\">\n\t\t\t\t\t<h3 class=\"elementor-heading-title elementor-size-default\">Descuentos y beneficios<\/h3>\t\t\t\t<\/div>\n\t\t\t\t<\/div>\n\t\t\t\t<div class=\"elementor-element elementor-element-6a79805 elementor-widget elementor-widget-text-editor\" data-id=\"6a79805\" data-element_type=\"widget\" data-e-type=\"widget\" data-widget_type=\"text-editor.default\">\n\t\t\t\t<div class=\"elementor-widget-container\">\n\t\t\t\t\t\t\t\t\t<p>Tendr\u00e1s acceso a los descuentos, incentivos o beneficios proporcionados por nuestros Main and Show Sponsors de la NRHA Spain.<\/p>\t\t\t\t\t\t\t\t<\/div>\n\t\t\t\t<\/div>\n\t\t\t\t\t<\/div>\n\t\t\t\t<\/div>\n\t\t\t\t\t<\/div>\n\t\t\t\t<\/div>\n\t\t<div class=\"elementor-element elementor-element-8aa106c e-flex e-con-boxed e-con e-child\" data-id=\"8aa106c\" data-element_type=\"container\" data-e-type=\"container\">\n\t\t\t\t\t<div class=\"e-con-inner\">\n\t\t\t\t<div class=\"elementor-element elementor-element-0d279ed elementor-widget elementor-widget-button\" data-id=\"0d279ed\" data-element_type=\"widget\" data-e-type=\"widget\" data-widget_type=\"button.default\">\n\t\t\t\t<div class=\"elementor-widget-container\">\n\t\t\t\t\t\t\t\t\t<div class=\"elementor-button-wrapper\">\n\t\t\t\t\t<a class=\"elementor-button elementor-button-link elementor-size-sm\" href=\"https:\/\/nrhaspain.com\/en\/miembros\/hazte-socio\/\">\n\t\t\t\t\t\t<span class=\"elementor-button-content-wrapper\">\n\t\t\t\t\t\t\t\t\t<span class=\"elementor-button-text\">Quiero hacerme socio<\/span>\n\t\t\t\t\t<\/span>\n\t\t\t\t\t<\/a>\n\t\t\t\t<\/div>\n\t\t\t\t\t\t\t\t<\/div>\n\t\t\t\t<\/div>\n\t\t\t\t\t<\/div>\n\t\t\t\t<\/div>\n\t\t\t\t\t<\/div>\n\t\t\t\t<\/div>\n\t\t\t\t\t<\/div>\n\t\t\t\t<\/div>\n\t\t\t\t<\/div>\n\t\t<div class=\"elementor-element elementor-element-1bfb3d0 e-con-full fc-container-padding e-flex e-con e-parent\" data-id=\"1bfb3d0\" data-element_type=\"container\" data-e-type=\"container\">\n\t\t\t\t<div class=\"elementor-element elementor-element-2bc3017 elementor-widget elementor-widget-image\" data-id=\"2bc3017\" data-element_type=\"widget\" data-e-type=\"widget\" data-widget_type=\"image.default\">\n\t\t\t\t<div class=\"elementor-widget-container\">\n\t\t\t\t\t\t\t\t\t\t\t\t\t\t\t<img fetchpriority=\"high\" decoding=\"async\" width=\"800\" height=\"534\" src=\"https:\/\/nrhaspain.com\/wp-content\/uploads\/2023\/12\/page-nrha-spain-1024x683.jpg\" class=\"attachment-large size-large wp-image-2106\" alt=\"\" srcset=\"https:\/\/nrhaspain.com\/wp-content\/uploads\/2023\/12\/page-nrha-spain-1024x683.jpg 1024w, https:\/\/nrhaspain.com\/wp-content\/uploads\/2023\/12\/page-nrha-spain-300x200.jpg 300w, https:\/\/nrhaspain.com\/wp-content\/uploads\/2023\/12\/page-nrha-spain-768x512.jpg 768w, https:\/\/nrhaspain.com\/wp-content\/uploads\/2023\/12\/page-nrha-spain.jpg 1200w\" sizes=\"(max-width: 800px) 100vw, 800px\">\t\t\t\t\t\t\t\t\t\t\t\t\t\t\t<\/div>\n\t\t\t\t<\/div>\n\t\t\t\t<\/div>\n\t\t\t\t<\/div>","protected":false},"excerpt":{"rendered":"<p>Miembros Hazte miembro de la asociaci\u00f3n &#8220;NATIONAL REINING HORSE ASSOCIATION SPAIN&#8221; Hazte socio Hazte socio NRHA Am\u00e9rica licencia de competici\u00f3n Seguros NRHA Spain \u00a1\u00danete a la NRHA Spain! Convirti\u00e9ndote en miembro de la asociaci\u00f3n, se unen tus fuerzas a las de otros atletas y entusiastas del Reining igual que t\u00fa. Reiners que se dedican a [&hellip;]<\/p>\n","protected":false},"author":1,"featured_media":0,"parent":0,"menu_order":3,"comment_status":"closed","ping_status":"closed","template":"","meta":{"_acf_changed":false,"footnotes":""},"class_list":["post-1499","page","type-page","status-publish","hentry"],"acf":[],"_links":{"self":[{"href":"https:\/\/nrhaspain.com\/en\/wp-json\/wp\/v2\/pages\/1499","targetHints":{"allow":["GET"]}}],"collection":[{"href":"https:\/\/nrhaspain.com\/en\/wp-json\/wp\/v2\/pages"}],"about":[{"href":"https:\/\/nrhaspain.com\/en\/wp-json\/wp\/v2\/types\/page"}],"author":[{"embeddable":true,"href":"https:\/\/nrhaspain.com\/en\/wp-json\/wp\/v2\/users\/1"}],"replies":[{"embeddable":true,"href":"https:\/\/nrhaspain.com\/en\/wp-json\/wp\/v2\/comments?post=1499"}],"version-history":[{"count":55,"href":"https:\/\/nrhaspain.com\/en\/wp-json\/wp\/v2\/pages\/1499\/revisions"}],"predecessor-version":[{"id":2945,"href":"https:\/\/nrhaspain.com\/en\/wp-json\/wp\/v2\/pages\/1499\/revisions\/2945"}],"wp:attachment":[{"href":"https:\/\/nrhaspain.com\/en\/wp-json\/wp\/v2\/media?parent=1499"}],"curies":[{"name":"wp","href":"https:\/\/api.w.org\/{rel}","templated":true}]}}